{"id":288,"date":"2019-03-27T14:00:13","date_gmt":"2019-03-27T14:00:13","guid":{"rendered":"https:\/\/spezialtaucher.de\/?page_id=288"},"modified":"2019-03-29T08:15:26","modified_gmt":"2019-03-29T08:15:26","slug":"bautauchen","status":"publish","type":"page","link":"https:\/\/spezialtaucher.de\/?page_id=288","title":{"rendered":"Bautauchen"},"content":{"rendered":"<div id=\"pl-288\"  class=\"panel-layout\" >\n<div id=\"pg-288-0\"  class=\"panel-grid panel-no-style\" >\n<div id=\"pgc-288-0-0\"  class=\"panel-grid-cell\"  data-weight=\"1\" >\n<div id=\"panel-288-0-0-0\" class=\"so-panel widget widget_text panel-first-child panel-last-child\" data-index=\"0\" data-style=\"{&quot;background_image_attachment&quot;:false,&quot;background_display&quot;:&quot;tile&quot;}\" >\n<div class=\"textwidget\">\n<table>\n<tbody>\n<tr>\n<td>Wartung und Reparaturarbeiten<\/td>\n<\/tr>\n<tr>\n<td>Vermessung<\/td>\n<\/tr>\n<tr>\n<td>Inspektionen<\/td>\n<\/tr>\n<tr>\n<td>Montage und Demontage,<\/td>\n<\/tr>\n<tr>\n<td>Arbeiten in kontaminierten W\u00e4ssern<\/td>\n<\/tr>\n<tr>\n<td>Unterwasser-Betonarbeiten<\/td>\n<\/tr>\n<tr>\n<td>Unterwasser-Schneid- Schwei\u00df- und S\u00e4gearbeiten<\/td>\n<\/tr>\n<tr>\n<td>Saug \u2013 und Sp\u00fclarbeiten<\/td>\n<\/tr>\n<tr>\n<td>Stemm- und Abbrucharbeiten<\/td>\n<\/tr>\n<tr>\n<td>Bohr- und Befestigungsarbeiten<\/td>\n<\/tr>\n<tr>\n<td>Unterwasserbrennschneiden<\/td>\n<\/tr>\n<tr>\n<td>Unterwasserschwei\u00dfarbeiten<\/td>\n<\/tr>\n<tr>\n<td>Einbringen von Unterwasserbeton<\/td>\n<\/tr>\n<tr>\n<td>Bauwerkskontrolle<\/td>\n<\/tr>\n<tr>\n<td>Hochdruckreinigung<\/td>\n<\/tr>\n<\/tbody>\n<\/table>\n<\/div><\/div>\n<\/div>\n<\/div>\n<\/div>\n","protected":false},"excerpt":{"rendered":"<div class=\"mh-excerpt\"><p>Wartung und Reparaturarbeiten Vermessung Inspektionen Montage und Demontage, Arbeiten in kontaminierten W\u00e4ssern Unterwasser-Betonarbeiten Unterwasser-Schneid- Schwei\u00df- und S\u00e4gearbeiten Saug \u2013 und Sp\u00fclarbeiten Stemm- und Abbrucharbeiten Bohr-&hellip;<\/p>\n<\/div>","protected":false},"author":1,"featured_media":0,"parent":0,"menu_order":0,"comment_status":"closed","ping_status":"closed","template":"","meta":{"footnotes":""},"_links":{"self":[{"href":"https:\/\/spezialtaucher.de\/index.php?rest_route=\/wp\/v2\/pages\/288"}],"collection":[{"href":"https:\/\/spezialtaucher.de\/index.php?rest_route=\/wp\/v2\/pages"}],"about":[{"href":"https:\/\/spezialtaucher.de\/index.php?rest_route=\/wp\/v2\/types\/page"}],"author":[{"embeddable":true,"href":"https:\/\/spezialtaucher.de\/index.php?rest_route=\/wp\/v2\/users\/1"}],"replies":[{"embeddable":true,"href":"https:\/\/spezialtaucher.de\/index.php?rest_route=%2Fwp%2Fv2%2Fcomments&post=288"}],"version-history":[{"count":4,"href":"https:\/\/spezialtaucher.de\/index.php?rest_route=\/wp\/v2\/pages\/288\/revisions"}],"predecessor-version":[{"id":311,"href":"https:\/\/spezialtaucher.de\/index.php?rest_route=\/wp\/v2\/pages\/288\/revisions\/311"}],"wp:attachment":[{"href":"https:\/\/spezialtaucher.de\/index.php?rest_route=%2Fwp%2Fv2%2Fmedia&parent=288"}],"curies":[{"name":"wp","href":"https:\/\/api.w.org\/{rel}","templated":true}]}}