{"id":284,"date":"2019-03-27T13:59:42","date_gmt":"2019-03-27T13:59:42","guid":{"rendered":"https:\/\/spezialtaucher.de\/?page_id=284"},"modified":"2019-03-29T08:13:38","modified_gmt":"2019-03-29T08:13:38","slug":"kampfmittelbergung-an-land-und-unter-wasser","status":"publish","type":"page","link":"https:\/\/spezialtaucher.de\/?page_id=284","title":{"rendered":"Kampfmittelbergung an Land und unter Wasser"},"content":{"rendered":"<div id=\"pl-284\"  class=\"panel-layout\" >\n<div id=\"pg-284-0\"  class=\"panel-grid panel-no-style\" >\n<div id=\"pgc-284-0-0\"  class=\"panel-grid-cell\"  data-weight=\"1\" >\n<div id=\"panel-284-0-0-0\" class=\"so-panel widget widget_text panel-first-child panel-last-child\" data-index=\"0\" data-style=\"{&quot;background_image_attachment&quot;:false,&quot;background_display&quot;:&quot;tile&quot;}\" >\n<div class=\"textwidget\">\n<table>\n<tbody>\n<tr>\n<td>Sondieren, Freilegen, Identifizieren und Bergen von Kampfmitteln<\/td>\n<\/tr>\n<tr>\n<td>Tiefensondierung<\/td>\n<\/tr>\n<tr>\n<td>Bohrlochsondierung, Fl\u00e4chensondierung mit datengest\u00fctzter Aufnahme<\/td>\n<\/tr>\n<tr>\n<td>Kampfmittelbergung in kontaminierten Bereichen<\/td>\n<\/tr>\n<tr>\n<td>baubegleitende Kampfmittelbergung<\/td>\n<\/tr>\n<tr>\n<td>Sprengarbeiten \u00fcber und unter Wasser<\/td>\n<\/tr>\n<tr>\n<td>Herstellen der Transportsicherheit durch Sprengen oder Entsch\u00e4rfen von Fundmunition<\/td>\n<\/tr>\n<\/tbody>\n<\/table>\n<\/div><\/div>\n<\/div>\n<\/div>\n<\/div>\n","protected":false},"excerpt":{"rendered":"<div class=\"mh-excerpt\"><p>Sondieren, Freilegen, Identifizieren und Bergen von Kampfmitteln Tiefensondierung Bohrlochsondierung, Fl\u00e4chensondierung mit datengest\u00fctzter Aufnahme Kampfmittelbergung in kontaminierten Bereichen baubegleitende Kampfmittelbergung Sprengarbeiten \u00fcber und unter Wasser Herstellen&hellip;<\/p>\n<\/div>","protected":false},"author":1,"featured_media":0,"parent":0,"menu_order":0,"comment_status":"closed","ping_status":"closed","template":"","meta":{"footnotes":""},"_links":{"self":[{"href":"https:\/\/spezialtaucher.de\/index.php?rest_route=\/wp\/v2\/pages\/284"}],"collection":[{"href":"https:\/\/spezialtaucher.de\/index.php?rest_route=\/wp\/v2\/pages"}],"about":[{"href":"https:\/\/spezialtaucher.de\/index.php?rest_route=\/wp\/v2\/types\/page"}],"author":[{"embeddable":true,"href":"https:\/\/spezialtaucher.de\/index.php?rest_route=\/wp\/v2\/users\/1"}],"replies":[{"embeddable":true,"href":"https:\/\/spezialtaucher.de\/index.php?rest_route=%2Fwp%2Fv2%2Fcomments&post=284"}],"version-history":[{"count":3,"href":"https:\/\/spezialtaucher.de\/index.php?rest_route=\/wp\/v2\/pages\/284\/revisions"}],"predecessor-version":[{"id":309,"href":"https:\/\/spezialtaucher.de\/index.php?rest_route=\/wp\/v2\/pages\/284\/revisions\/309"}],"wp:attachment":[{"href":"https:\/\/spezialtaucher.de\/index.php?rest_route=%2Fwp%2Fv2%2Fmedia&parent=284"}],"curies":[{"name":"wp","href":"https:\/\/api.w.org\/{rel}","templated":true}]}}