{"id":187,"date":"2019-02-25T06:41:20","date_gmt":"2019-02-25T06:41:20","guid":{"rendered":"https:\/\/spezialtaucher.de\/?page_id=187"},"modified":"2019-04-15T19:50:29","modified_gmt":"2019-04-15T19:50:29","slug":"leistungen","status":"publish","type":"page","link":"https:\/\/spezialtaucher.de\/?page_id=187","title":{"rendered":"Leistungen"},"content":{"rendered":"<div id=\"pl-187\"  class=\"panel-layout\" >\n<div id=\"pg-187-0\"  class=\"panel-grid panel-no-style\"  data-style=\"{&quot;background_image_attachment&quot;:false,&quot;background_display&quot;:&quot;tile&quot;,&quot;cell_alignment&quot;:&quot;flex-start&quot;}\"  data-ratio=\"1\"  data-ratio-direction=\"right\" >\n<div id=\"pgc-187-0-0\"  class=\"panel-grid-cell\"  data-weight=\"1\" >\n<div id=\"panel-187-0-0-0\" class=\"so-panel widget widget_text panel-first-child\" data-index=\"0\" data-style=\"{&quot;background_image_attachment&quot;:false,&quot;background_display&quot;:&quot;tile&quot;}\" >\n<div class=\"textwidget\">\n<p>Auf den folgenden Unterseiten finden Sie detaillierte Informationen zu den Bereichen <a href=\"https:\/\/spezialtaucher.de\/?page_id=284\">Kampfmittelbergung<\/a>, <a href=\"https:\/\/spezialtaucher.de\/?page_id=288\">Bautauchen<\/a>, <a href=\"https:\/\/spezialtaucher.de\/?page_id=286\">Dokumentation<\/a>, <a href=\"https:\/\/spezialtaucher.de\/?page_id=286\">Beratung<\/a> und <a href=\"https:\/\/spezialtaucher.de\/?page_id=286\">Analyse<\/a>.<\/p>\n<\/div><\/div>\n<div id=\"panel-187-0-0-1\" class=\"so-panel widget widget_text panel-last-child\" data-index=\"1\" data-style=\"{&quot;background_image_attachment&quot;:false,&quot;background_display&quot;:&quot;tile&quot;}\" >\n<div class=\"textwidget\">\n<p>Erlaubnis \u00a77 nach Sprengstoffgesetz<br \/>\nBef\u00e4higungsschein nach Paragraph 20 Sprengstoffgesetz<br \/>\nausgebildeter Signalmann nach BGV C 23<br \/>\nausgebildeter Maschinenf\u00fchrer<br \/>\nErsthelfer<br \/>\nEinsatzleiter \/ Supervisor<br \/>\nBasic offshore safety course inkl. HUET<br \/>\nCCI Zulassung<br \/>\nallgemeine Sprengarbeiten, Kultursprengungen zu land- und forstwirtschaftlichen Zwecken<br \/>\nUnterwassersprengungen<\/p>\n<p class=\"has-medium-font-size\"><strong>Sonderlehrg\u00e4nge<\/strong><\/p>\n<ol>\n<li>Munition der ehemaligen Warschauer Pakt Staaten<\/li>\n<li>chemische Kampfstoffe<\/li>\n<li>Verbringen, Empfangnahme, \u00dcberlassen von explosiven Stoffen<\/li>\n<li>Kampfmittelbeseitigung \u2013 Herstellen der Transportf\u00e4higkeit durch Sprengen oder Entsch\u00e4rfen von Fundmunition auf der R\u00e4umstelle<\/li>\n<\/ol>\n<\/div><\/div>\n<\/div>\n<\/div>\n<\/div>\n","protected":false},"excerpt":{"rendered":"<div class=\"mh-excerpt\"><p>Auf den folgenden Unterseiten finden Sie detaillierte Informationen zu den Bereichen Kampfmittelbergung, Bautauchen, Dokumentation, Beratung und Analyse. Erlaubnis \u00a77 nach Sprengstoffgesetz Bef\u00e4higungsschein nach Paragraph 20&hellip;<\/p>\n<\/div>","protected":false},"author":1,"featured_media":0,"parent":0,"menu_order":0,"comment_status":"closed","ping_status":"closed","template":"","meta":{"footnotes":""},"_links":{"self":[{"href":"https:\/\/spezialtaucher.de\/index.php?rest_route=\/wp\/v2\/pages\/187"}],"collection":[{"href":"https:\/\/spezialtaucher.de\/index.php?rest_route=\/wp\/v2\/pages"}],"about":[{"href":"https:\/\/spezialtaucher.de\/index.php?rest_route=\/wp\/v2\/types\/page"}],"author":[{"embeddable":true,"href":"https:\/\/spezialtaucher.de\/index.php?rest_route=\/wp\/v2\/users\/1"}],"replies":[{"embeddable":true,"href":"https:\/\/spezialtaucher.de\/index.php?rest_route=%2Fwp%2Fv2%2Fcomments&post=187"}],"version-history":[{"count":7,"href":"https:\/\/spezialtaucher.de\/index.php?rest_route=\/wp\/v2\/pages\/187\/revisions"}],"predecessor-version":[{"id":350,"href":"https:\/\/spezialtaucher.de\/index.php?rest_route=\/wp\/v2\/pages\/187\/revisions\/350"}],"wp:attachment":[{"href":"https:\/\/spezialtaucher.de\/index.php?rest_route=%2Fwp%2Fv2%2Fmedia&parent=187"}],"curies":[{"name":"wp","href":"https:\/\/api.w.org\/{rel}","templated":true}]}}