{"id":105,"date":"2018-10-15T13:42:00","date_gmt":"2018-10-15T13:42:00","guid":{"rendered":"http:\/\/spezialtaucher.de\/?page_id=105"},"modified":"2023-12-30T10:58:37","modified_gmt":"2023-12-30T10:58:37","slug":"startseite","status":"publish","type":"page","link":"https:\/\/spezialtaucher.de\/","title":{"rendered":"Startseite"},"content":{"rendered":"<div id=\"pl-105\" class=\"panel-layout\">\n<div id=\"pg-105-0\" class=\"panel-grid panel-no-style\" data-style=\"{&quot;background_image_attachment&quot;:false,&quot;background_display&quot;:&quot;tile&quot;,&quot;cell_alignment&quot;:&quot;flex-start&quot;}\" data-ratio=\"1\" data-ratio-direction=\"right\">\n<div id=\"pgc-105-0-0\" class=\"panel-grid-cell\" data-weight=\"0.35\">\n<div id=\"panel-105-0-0-0\" class=\"so-panel widget widget_text panel-first-child panel-last-child\" data-index=\"0\" data-style=\"{&quot;background_image_attachment&quot;:false,&quot;background_display&quot;:&quot;tile&quot;}\">\n<div class=\"textwidget\">\n<figure id=\"attachment_84\" class=\"wp-caption alignleft\" style=\"width: 352px;\" aria-describedby=\"caption-attachment-84\"><img loading=\"lazy\" decoding=\"async\" class=\" wp-image-84\" src=\"https:\/\/spezialtaucher.de\/wp-content\/uploads\/2018\/10\/JPEG_20180307_221253.jpg\" alt=\"\" width=\"352\" height=\"352\" srcset=\"https:\/\/spezialtaucher.de\/wp-content\/uploads\/2018\/10\/JPEG_20180307_221253.jpg 931w, https:\/\/spezialtaucher.de\/wp-content\/uploads\/2018\/10\/JPEG_20180307_221253-150x150.jpg 150w, https:\/\/spezialtaucher.de\/wp-content\/uploads\/2018\/10\/JPEG_20180307_221253-300x300.jpg 300w, https:\/\/spezialtaucher.de\/wp-content\/uploads\/2018\/10\/JPEG_20180307_221253-768x768.jpg 768w\" sizes=\"(max-width: 352px) 100vw, 352px\" \/><figcaption id=\"caption-attachment-84\" class=\"wp-caption-text\">Thomas Borchert IHK gepr\u00fcfter Taucher<\/figcaption><\/figure>\n<\/div>\n<\/div>\n<\/div>\n<div id=\"pgc-105-0-1\" class=\"panel-grid-cell\" data-style=\"{&quot;background_image_attachment&quot;:false,&quot;background_display&quot;:&quot;tile&quot;,&quot;vertical_alignment&quot;:&quot;auto&quot;}\" data-weight=\"0.65\">\n<div id=\"panel-105-0-1-0\" class=\"so-panel widget widget_text panel-first-child\" data-index=\"1\" data-style=\"{&quot;background_image_attachment&quot;:false,&quot;background_display&quot;:&quot;tile&quot;}\">\n<h3 class=\"widget-title\">Taucher mit Leidenschaft und Berufung.<\/h3>\n<div class=\"textwidget\">\n<p><span class=\"xr_tl Normal_text\">Viele Bereiche der Kampfmittelbergung unter Wasser und an <\/span><span class=\"xr_tl Normal_text\">Land sind mein Spezialgebiet.<\/span><span class=\"xr_tl Normal_text\"> Um eine hervorragende Qualit\u00e4t und Quantit\u00e4t zu bieten, <\/span><span class=\"xr_tl Normal_text\">bilde ich mich seit 1992 regelm\u00e4\u00dfig weiter. <\/span><span class=\"xr_tl Normal_text\"><\/span><span class=\"xr_tl Normal_text\"><\/span><span class=\"xr_tl Normal_text\">Als professioneller Taucher biete ich Ihnen europaweit <\/span><span class=\"xr_tl Normal_text\">umfassenden Service, Beratung und Fachkompetenz.<\/span><\/p>\n<\/div>\n<\/div>\n<div id=\"panel-105-0-1-1\" class=\"so-panel widget widget_text panel-last-child\" data-index=\"2\" data-style=\"{&quot;background_image_attachment&quot;:false,&quot;background_display&quot;:&quot;tile&quot;}\">\n<div class=\"textwidget\">\n<p>Ausgew\u00e4hlte gr\u00f6\u00dfere Projekte, f\u00fcr die ich umfangreiche Dienstleistungen bei Kampfmittelr\u00e4umung und Kampf- mittelsondierung erbracht habe.<br \/>\n<a href=\"https:\/\/spezialtaucher.de\/?page_id=149\">Mehr erfahren<\/a><\/p>\n<\/div>\n<\/div>\n<\/div>\n<\/div>\n<\/div>\n","protected":false},"excerpt":{"rendered":"<div class=\"mh-excerpt\"><p>Thomas Borchert IHK gepr\u00fcfter Taucher Taucher mit Leidenschaft und Berufung. Viele Bereiche der Kampfmittelbergung unter Wasser und an Land sind mein Spezialgebiet. Um eine hervorragende&hellip;<\/p>\n<\/div>","protected":false},"author":1,"featured_media":0,"parent":0,"menu_order":0,"comment_status":"closed","ping_status":"closed","template":"","meta":{"footnotes":""},"_links":{"self":[{"href":"https:\/\/spezialtaucher.de\/index.php?rest_route=\/wp\/v2\/pages\/105"}],"collection":[{"href":"https:\/\/spezialtaucher.de\/index.php?rest_route=\/wp\/v2\/pages"}],"about":[{"href":"https:\/\/spezialtaucher.de\/index.php?rest_route=\/wp\/v2\/types\/page"}],"author":[{"embeddable":true,"href":"https:\/\/spezialtaucher.de\/index.php?rest_route=\/wp\/v2\/users\/1"}],"replies":[{"embeddable":true,"href":"https:\/\/spezialtaucher.de\/index.php?rest_route=%2Fwp%2Fv2%2Fcomments&post=105"}],"version-history":[{"count":33,"href":"https:\/\/spezialtaucher.de\/index.php?rest_route=\/wp\/v2\/pages\/105\/revisions"}],"predecessor-version":[{"id":444,"href":"https:\/\/spezialtaucher.de\/index.php?rest_route=\/wp\/v2\/pages\/105\/revisions\/444"}],"wp:attachment":[{"href":"https:\/\/spezialtaucher.de\/index.php?rest_route=%2Fwp%2Fv2%2Fmedia&parent=105"}],"curies":[{"name":"wp","href":"https:\/\/api.w.org\/{rel}","templated":true}]}}